{"id":772,"date":"2017-12-06T11:10:42","date_gmt":"2017-12-06T10:10:42","guid":{"rendered":"https:\/\/www.morisrl.it\/?page_id=772"},"modified":"2018-01-17T18:39:04","modified_gmt":"2018-01-17T17:39:04","slug":"consultation","status":"publish","type":"page","link":"https:\/\/www.morisrl.it\/fr\/consultation\/","title":{"rendered":"Consultation"},"content":{"rendered":"<p>Nous nous effor\u00e7ons d&rsquo;\u00eatre pr\u00e9sents sur les chantiers afin que nous puissions \u00ab accueillir \u00bb les diff\u00e9rents et nouveaux besoins qui peuvent surgir jour apr\u00e8s jour et trouver ainsi les bonnes solutions.<\/p>\n","protected":false},"excerpt":{"rendered":"<p>Nous nous effor\u00e7ons d&rsquo;\u00eatre pr\u00e9sents sur les chantiers afin que nous puissions \u00ab accueillir \u00bb les diff\u00e9rents et nouveaux besoins qui peuvent surgir jour apr\u00e8s jour et trouver ainsi les bonnes solutions.<\/p>\n","protected":false},"author":1,"featured_media":214,"parent":0,"menu_order":0,"comment_status":"closed","ping_status":"closed","template":"","meta":[],"_links":{"self":[{"href":"https:\/\/www.morisrl.it\/fr\/wp-json\/wp\/v2\/pages\/772"}],"collection":[{"href":"https:\/\/www.morisrl.it\/fr\/wp-json\/wp\/v2\/pages"}],"about":[{"href":"https:\/\/www.morisrl.it\/fr\/wp-json\/wp\/v2\/types\/page"}],"author":[{"embeddable":true,"href":"https:\/\/www.morisrl.it\/fr\/wp-json\/wp\/v2\/users\/1"}],"replies":[{"embeddable":true,"href":"https:\/\/www.morisrl.it\/fr\/wp-json\/wp\/v2\/comments?post=772"}],"version-history":[{"count":0,"href":"https:\/\/www.morisrl.it\/fr\/wp-json\/wp\/v2\/pages\/772\/revisions"}],"wp:featuredmedia":[{"embeddable":true,"href":"https:\/\/www.morisrl.it\/fr\/wp-json\/wp\/v2\/media\/214"}],"wp:attachment":[{"href":"https:\/\/www.morisrl.it\/fr\/wp-json\/wp\/v2\/media?parent=772"}],"curies":[{"name":"wp","href":"https:\/\/api.w.org\/{rel}","templated":true}]}}