{"id":755,"date":"2017-12-06T10:49:56","date_gmt":"2017-12-06T09:49:56","guid":{"rendered":"https:\/\/www.morisrl.it\/?page_id=755"},"modified":"2017-12-27T15:55:26","modified_gmt":"2017-12-27T14:55:26","slug":"propos-de-nous","status":"publish","type":"page","link":"https:\/\/www.morisrl.it\/fr\/propos-de-nous\/","title":{"rendered":"ENTERPRISE"},"content":{"rendered":"<h3>La pr\u00e9paration professionnelle, l&rsquo;expertise scientifique et l&rsquo;exp\u00e9rience acquise font de notre entreprise, une entreprise de forage unique dans le monde.<\/h3>\n<p>L&rsquo;entreprise a vu le jour il y a plusieurs d\u00e9cennies. C&rsquo;est l&rsquo;histoire de trois fr\u00e8res qui, apr\u00e8s avoir acquis de l&rsquo;exp\u00e9rience dans le captage d&rsquo;eau, gaz naturel, explorations mini\u00e8res et p\u00e9troli\u00e8res, ont constitu\u00e9 en 1982 la premi\u00e8re entreprise de <b>construction de foreuses et de syst\u00e8mes de forages<\/b>.<\/p>\n<div class=\"caption-box\">\n<p>La sp\u00e9cificit\u00e9 du travail de forage, les \u00e9changes d&rsquo;informations entre le client et le fabricant et l&rsquo;utilisation de technologies techniques de constuction de derni\u00e8re g\u00e9n\u00e9ration ont fait de nos foreuses, un produit de haute qualit\u00e9 et polyvalent.<\/p>\n<h4>Fabio Mori &#8211; Directeur g\u00e9n\u00e9ral<\/h4>\n<\/div>\n<p>Nous proposons des <b>\u00e9tudes de faisabilit\u00e9<\/b> et la r\u00e9alisation de syst\u00e8mes de forage cl\u00e9s en main sur la base des caract\u00e9ristiques sp\u00e9cifiques et des exigences particuli\u00e8res du client. Notre professionnalisme est \u00e0 disposition du client pour toute la dur\u00e9e de l&rsquo;installation pour assurer une assistance personnalis\u00e9e et la diffusion des techniques de forage les plus avanc\u00e9es et les plus rapides.<\/p>\n","protected":false},"excerpt":{"rendered":"<p>La pr\u00e9paration professionnelle, l&rsquo;expertise scientifique et l&rsquo;exp\u00e9rience acquise font de notre entreprise, une entreprise de forage unique dans le monde. L&rsquo;entreprise a vu le jour il y a plusieurs d\u00e9cennies. C&rsquo;est l&rsquo;histoire de trois fr\u00e8res qui, apr\u00e8s avoir acquis de l&rsquo;exp\u00e9rience dans le captage d&rsquo;eau, gaz naturel, explorations mini\u00e8res et p\u00e9troli\u00e8res, ont constitu\u00e9 en 1982&#8230;<\/p>\n","protected":false},"author":1,"featured_media":190,"parent":0,"menu_order":0,"comment_status":"closed","ping_status":"closed","template":"page-azienda.php","meta":[],"_links":{"self":[{"href":"https:\/\/www.morisrl.it\/fr\/wp-json\/wp\/v2\/pages\/755"}],"collection":[{"href":"https:\/\/www.morisrl.it\/fr\/wp-json\/wp\/v2\/pages"}],"about":[{"href":"https:\/\/www.morisrl.it\/fr\/wp-json\/wp\/v2\/types\/page"}],"author":[{"embeddable":true,"href":"https:\/\/www.morisrl.it\/fr\/wp-json\/wp\/v2\/users\/1"}],"replies":[{"embeddable":true,"href":"https:\/\/www.morisrl.it\/fr\/wp-json\/wp\/v2\/comments?post=755"}],"version-history":[{"count":0,"href":"https:\/\/www.morisrl.it\/fr\/wp-json\/wp\/v2\/pages\/755\/revisions"}],"wp:featuredmedia":[{"embeddable":true,"href":"https:\/\/www.morisrl.it\/fr\/wp-json\/wp\/v2\/media\/190"}],"wp:attachment":[{"href":"https:\/\/www.morisrl.it\/fr\/wp-json\/wp\/v2\/media?parent=755"}],"curies":[{"name":"wp","href":"https:\/\/api.w.org\/{rel}","templated":true}]}}